{"id":472,"date":"2022-09-12T20:01:21","date_gmt":"2022-09-12T18:01:21","guid":{"rendered":"https:\/\/www.47rfm.sk\/?page_id=472"},"modified":"2025-06-08T13:58:59","modified_gmt":"2025-06-08T11:58:59","slug":"novinky","status":"publish","type":"page","link":"https:\/\/www.47rfm.sk\/","title":{"rendered":"Novinky"},"content":{"rendered":"\n<h2 class=\"wp-block-heading\">V\u00fdro\u010dn\u00e1 spr\u00e1va<\/h2>\n\n\n\n<p>Mil\u00ed priatelia zboru, <br><br> rok 2024 m\u00e1me d\u00e1vno za sebou a my by sme sa s Vami radi podelili o to, ako rok 2024 vyzeral v na\u0161om zbor. Nev\u00e1hajte a pozrite si  <a href=\"https:\/\/drive.google.com\/file\/d\/1Pk7Ku5mUSZrmwzLO_npfo_plXIMwEvRS\/view?usp=drive_link\" target=\"_blank\" rel=\"noopener\">V\u00ddRO\u010cN\u00da SPR\u00c1VU<\/a>, ktor\u00fa sme pre V\u00e1s pripravili.<\/p>\n\n\n\n<h2 class=\"wp-block-heading\">\u0160kolsk\u00fd rok 24\/25<\/h2>\n\n\n\n<p>Mil\u00ed rodi\u010dia, <br><br>tento \u0161kolsk\u00fd rok otv\u00e1rame nov\u00fa diev\u010densk\u00fa dru\u017einu pre deti od 7 do 8 rokov. \nMo\u017enosti prihl\u00e1senia det\u00ed do aktu\u00e1lnych dru\u017e\u00edn budeme aktualizova\u0165 za\u010diatkom okt\u00f3bra. \nV pr\u00edpade ot\u00e1zok n\u00e1s kontaktujte mailom.:) <\/p>\n","protected":false},"excerpt":{"rendered":"<p>V\u00fdro\u010dn\u00e1 spr\u00e1va Mil\u00ed priatelia zboru, rok 2024 m\u00e1me d\u00e1vno za sebou a my by sme sa s Vami radi podelili o to, ako rok 2024 vyzeral v na\u0161om zbor. Nev\u00e1hajte a pozrite si V\u00ddRO\u010cN\u00da SPR\u00c1VU, ktor\u00fa sme pre V\u00e1s pripravili. \u0160kolsk\u00fd rok 24\/25 Mil\u00ed rodi\u010dia, tento \u0161kolsk\u00fd rok otv\u00e1rame nov\u00fa diev\u010densk\u00fa dru\u017einu pre deti od &hellip; <\/p>\n<p class=\"link-more\"><a href=\"https:\/\/www.47rfm.sk\/\" class=\"more-link\">Pokra\u010dova\u0165 v \u010d\u00edtan\u00ed<span class=\"screen-reader-text\"> &#8222;Novinky&#8220;<\/span><\/a><\/p>\n","protected":false},"author":2,"featured_media":0,"parent":0,"menu_order":0,"comment_status":"closed","ping_status":"closed","template":"","meta":{"_monsterinsights_skip_tracking":false,"_monsterinsights_sitenote_active":false,"_monsterinsights_sitenote_note":"","_monsterinsights_sitenote_category":0,"footnotes":""},"class_list":["post-472","page","type-page","status-publish","hentry"],"yoast_head":"<!-- This site is optimized with the Yoast SEO plugin v17.1 - https:\/\/yoast.com\/wordpress\/plugins\/seo\/ -->\n<title>Novinky - 47rfm<\/title>\n<meta name=\"robots\" content=\"index, follow, max-snippet:-1, max-image-preview:large, max-video-preview:-1\" \/>\n<link rel=\"canonical\" href=\"https:\/\/www.47rfm.sk\/\" \/>\n<meta property=\"og:locale\" content=\"sk_SK\" \/>\n<meta property=\"og:type\" content=\"article\" \/>\n<meta property=\"og:title\" content=\"Novinky - 47rfm\" \/>\n<meta property=\"og:description\" content=\"V\u00fdro\u010dn\u00e1 spr\u00e1va Mil\u00ed priatelia zboru, rok 2024 m\u00e1me d\u00e1vno za sebou a my by sme sa s Vami radi podelili o to, ako rok 2024 vyzeral v na\u0161om zbor. Nev\u00e1hajte a pozrite si V\u00ddRO\u010cN\u00da SPR\u00c1VU, ktor\u00fa sme pre V\u00e1s pripravili. \u0160kolsk\u00fd rok 24\/25 Mil\u00ed rodi\u010dia, tento \u0161kolsk\u00fd rok otv\u00e1rame nov\u00fa diev\u010densk\u00fa dru\u017einu pre deti od &hellip; Pokra\u010dova\u0165 v \u010d\u00edtan\u00ed &quot;Novinky&quot;\" \/>\n<meta property=\"og:url\" content=\"https:\/\/www.47rfm.sk\/\" \/>\n<meta property=\"og:site_name\" content=\"47rfm\" \/>\n<meta property=\"article:modified_time\" content=\"2025-06-08T11:58:59+00:00\" \/>\n<meta name=\"twitter:card\" content=\"summary_large_image\" \/>\n<meta name=\"twitter:label1\" content=\"Predpokladan\u00fd \u010das \u010d\u00edtania\" \/>\n\t<meta name=\"twitter:data1\" content=\"1 min\u00fata\" \/>\n<script type=\"application\/ld+json\" class=\"yoast-schema-graph\">{\"@context\":\"https:\/\/schema.org\",\"@graph\":[{\"@type\":\"WebSite\",\"@id\":\"https:\/\/www.47rfm.sk\/#website\",\"url\":\"https:\/\/www.47rfm.sk\/\",\"name\":\"47rfm\",\"description\":\"...s mravcami je sranda! \",\"potentialAction\":[{\"@type\":\"SearchAction\",\"target\":{\"@type\":\"EntryPoint\",\"urlTemplate\":\"https:\/\/www.47rfm.sk\/?s={search_term_string}\"},\"query-input\":\"required name=search_term_string\"}],\"inLanguage\":\"sk-SK\"},{\"@type\":\"WebPage\",\"@id\":\"https:\/\/www.47rfm.sk\/#webpage\",\"url\":\"https:\/\/www.47rfm.sk\/\",\"name\":\"Novinky - 47rfm\",\"isPartOf\":{\"@id\":\"https:\/\/www.47rfm.sk\/#website\"},\"datePublished\":\"2022-09-12T18:01:21+00:00\",\"dateModified\":\"2025-06-08T11:58:59+00:00\",\"breadcrumb\":{\"@id\":\"https:\/\/www.47rfm.sk\/#breadcrumb\"},\"inLanguage\":\"sk-SK\",\"potentialAction\":[{\"@type\":\"ReadAction\",\"target\":[\"https:\/\/www.47rfm.sk\/\"]}]},{\"@type\":\"BreadcrumbList\",\"@id\":\"https:\/\/www.47rfm.sk\/#breadcrumb\",\"itemListElement\":[{\"@type\":\"ListItem\",\"position\":1,\"name\":\"Home\",\"item\":\"https:\/\/www.47rfm.sk\/\"},{\"@type\":\"ListItem\",\"position\":2,\"name\":\"Novinky\"}]}]}<\/script>\n<!-- \/ Yoast SEO plugin. -->","yoast_head_json":{"title":"Novinky - 47rfm","robots":{"index":"index","follow":"follow","max-snippet":"max-snippet:-1","max-image-preview":"max-image-preview:large","max-video-preview":"max-video-preview:-1"},"canonical":"https:\/\/www.47rfm.sk\/","og_locale":"sk_SK","og_type":"article","og_title":"Novinky - 47rfm","og_description":"V\u00fdro\u010dn\u00e1 spr\u00e1va Mil\u00ed priatelia zboru, rok 2024 m\u00e1me d\u00e1vno za sebou a my by sme sa s Vami radi podelili o to, ako rok 2024 vyzeral v na\u0161om zbor. Nev\u00e1hajte a pozrite si V\u00ddRO\u010cN\u00da SPR\u00c1VU, ktor\u00fa sme pre V\u00e1s pripravili. \u0160kolsk\u00fd rok 24\/25 Mil\u00ed rodi\u010dia, tento \u0161kolsk\u00fd rok otv\u00e1rame nov\u00fa diev\u010densk\u00fa dru\u017einu pre deti od &hellip; Pokra\u010dova\u0165 v \u010d\u00edtan\u00ed \"Novinky\"","og_url":"https:\/\/www.47rfm.sk\/","og_site_name":"47rfm","article_modified_time":"2025-06-08T11:58:59+00:00","twitter_card":"summary_large_image","twitter_misc":{"Predpokladan\u00fd \u010das \u010d\u00edtania":"1 min\u00fata"},"schema":{"@context":"https:\/\/schema.org","@graph":[{"@type":"WebSite","@id":"https:\/\/www.47rfm.sk\/#website","url":"https:\/\/www.47rfm.sk\/","name":"47rfm","description":"...s mravcami je sranda! ","potentialAction":[{"@type":"SearchAction","target":{"@type":"EntryPoint","urlTemplate":"https:\/\/www.47rfm.sk\/?s={search_term_string}"},"query-input":"required name=search_term_string"}],"inLanguage":"sk-SK"},{"@type":"WebPage","@id":"https:\/\/www.47rfm.sk\/#webpage","url":"https:\/\/www.47rfm.sk\/","name":"Novinky - 47rfm","isPartOf":{"@id":"https:\/\/www.47rfm.sk\/#website"},"datePublished":"2022-09-12T18:01:21+00:00","dateModified":"2025-06-08T11:58:59+00:00","breadcrumb":{"@id":"https:\/\/www.47rfm.sk\/#breadcrumb"},"inLanguage":"sk-SK","potentialAction":[{"@type":"ReadAction","target":["https:\/\/www.47rfm.sk\/"]}]},{"@type":"BreadcrumbList","@id":"https:\/\/www.47rfm.sk\/#breadcrumb","itemListElement":[{"@type":"ListItem","position":1,"name":"Home","item":"https:\/\/www.47rfm.sk\/"},{"@type":"ListItem","position":2,"name":"Novinky"}]}]}},"_links":{"self":[{"href":"https:\/\/www.47rfm.sk\/index.php?rest_route=\/wp\/v2\/pages\/472","targetHints":{"allow":["GET"]}}],"collection":[{"href":"https:\/\/www.47rfm.sk\/index.php?rest_route=\/wp\/v2\/pages"}],"about":[{"href":"https:\/\/www.47rfm.sk\/index.php?rest_route=\/wp\/v2\/types\/page"}],"author":[{"embeddable":true,"href":"https:\/\/www.47rfm.sk\/index.php?rest_route=\/wp\/v2\/users\/2"}],"replies":[{"embeddable":true,"href":"https:\/\/www.47rfm.sk\/index.php?rest_route=%2Fwp%2Fv2%2Fcomments&post=472"}],"version-history":[{"count":6,"href":"https:\/\/www.47rfm.sk\/index.php?rest_route=\/wp\/v2\/pages\/472\/revisions"}],"predecessor-version":[{"id":597,"href":"https:\/\/www.47rfm.sk\/index.php?rest_route=\/wp\/v2\/pages\/472\/revisions\/597"}],"wp:attachment":[{"href":"https:\/\/www.47rfm.sk\/index.php?rest_route=%2Fwp%2Fv2%2Fmedia&parent=472"}],"curies":[{"name":"wp","href":"https:\/\/api.w.org\/{rel}","templated":true}]}}