{"id":23,"date":"2021-09-14T14:26:39","date_gmt":"2021-09-14T12:26:39","guid":{"rendered":"https:\/\/www.47rfm.sk\/?page_id=23"},"modified":"2025-10-10T00:00:06","modified_gmt":"2025-10-09T22:00:06","slug":"kontakt","status":"publish","type":"page","link":"https:\/\/www.47rfm.sk\/?page_id=23","title":{"rendered":"Kontakt"},"content":{"rendered":"\n<p>Tom\u00e1\u0161 Roch &#8211; zborov\u00e1 vodky\u0148a &#8211; 0944 714 320<\/p>\n\n\n\n<p>Karin Singhoferov\u00e1 &#8211; z\u00e1stupky\u0148a zborov\u00e9ho vodcu &#8211; 0915 326 335<\/p>\n\n\n\n<p>Kri\u0161tof Gregor \u2013 z\u00e1stupca zborov\u00e9ho vodcu \u2013 0918 306 487<\/p>\n\n\n\n<p>Nina Horn\u00edkov\u00e1 \u2013 oddielov\u00e1 ved\u00faca diev\u010dat \u2013 0917 584 755<\/p>\n\n\n\n<p>Michal &#8222;Ved\u00faci&#8220; Vadkerti &#8211; oddielov\u00fd ved\u00faci chlapcov &#8211; 0949 152 704<\/p>\n\n\n\n<p>Matej &#8222;Korvin&#8220; Vi\u0161\u0148ovec &#8211; oddielov\u00fd vodca rodinn\u00e9ho oddielu &#8211; 0902 966 684<\/p>\n\n\n\n<p>Miroslav &#8222;Wewe&#8220; Bel\u00e1k &#8211; oddielov\u00fd vodca dospel\u00fdch skautov &#8211; 0904 148 757<\/p>\n","protected":false},"excerpt":{"rendered":"<p>Tom\u00e1\u0161 Roch &#8211; zborov\u00e1 vodky\u0148a &#8211; 0944 714 320 Karin Singhoferov\u00e1 &#8211; z\u00e1stupky\u0148a zborov\u00e9ho vodcu &#8211; 0915 326 335 Kri\u0161tof Gregor \u2013 z\u00e1stupca zborov\u00e9ho vodcu \u2013 0918 306 487 Nina Horn\u00edkov\u00e1 \u2013 oddielov\u00e1 ved\u00faca diev\u010dat \u2013 0917 584 755 Michal &#8222;Ved\u00faci&#8220; Vadkerti &#8211; oddielov\u00fd ved\u00faci chlapcov &#8211; 0949 152 704 Matej &#8222;Korvin&#8220; Vi\u0161\u0148ovec &#8211; oddielov\u00fd &hellip; <\/p>\n<p class=\"link-more\"><a href=\"https:\/\/www.47rfm.sk\/?page_id=23\" class=\"more-link\">Pokra\u010dova\u0165 v \u010d\u00edtan\u00ed<span class=\"screen-reader-text\"> &#8222;Kontakt&#8220;<\/span><\/a><\/p>\n","protected":false},"author":2,"featured_media":101,"parent":0,"menu_order":0,"comment_status":"closed","ping_status":"closed","template":"","meta":{"_monsterinsights_skip_tracking":false,"_monsterinsights_sitenote_active":false,"_monsterinsights_sitenote_note":"","_monsterinsights_sitenote_category":0,"footnotes":""},"class_list":["post-23","page","type-page","status-publish","has-post-thumbnail","hentry"],"yoast_head":"<!-- This site is optimized with the Yoast SEO plugin v17.1 - https:\/\/yoast.com\/wordpress\/plugins\/seo\/ -->\n<title>Kontakt - 47rfm<\/title>\n<meta name=\"robots\" content=\"index, follow, max-snippet:-1, max-image-preview:large, max-video-preview:-1\" \/>\n<link rel=\"canonical\" href=\"https:\/\/www.47rfm.sk\/?page_id=23\" \/>\n<meta property=\"og:locale\" content=\"sk_SK\" \/>\n<meta property=\"og:type\" content=\"article\" \/>\n<meta property=\"og:title\" content=\"Kontakt - 47rfm\" \/>\n<meta property=\"og:description\" content=\"Tom\u00e1\u0161 Roch &#8211; zborov\u00e1 vodky\u0148a &#8211; 0944 714 320 Karin Singhoferov\u00e1 &#8211; z\u00e1stupky\u0148a zborov\u00e9ho vodcu &#8211; 0915 326 335 Kri\u0161tof Gregor \u2013 z\u00e1stupca zborov\u00e9ho vodcu \u2013 0918 306 487 Nina Horn\u00edkov\u00e1 \u2013 oddielov\u00e1 ved\u00faca diev\u010dat \u2013 0917 584 755 Michal &#8222;Ved\u00faci&#8220; Vadkerti &#8211; oddielov\u00fd ved\u00faci chlapcov &#8211; 0949 152 704 Matej &#8222;Korvin&#8220; Vi\u0161\u0148ovec &#8211; oddielov\u00fd &hellip; Pokra\u010dova\u0165 v \u010d\u00edtan\u00ed &quot;Kontakt&quot;\" \/>\n<meta property=\"og:url\" content=\"https:\/\/www.47rfm.sk\/?page_id=23\" \/>\n<meta property=\"og:site_name\" content=\"47rfm\" \/>\n<meta property=\"article:modified_time\" content=\"2025-10-09T22:00:06+00:00\" \/>\n<meta property=\"og:image\" content=\"https:\/\/www.47rfm.sk\/wp-content\/uploads\/2021\/09\/AAA_5244-scaled.jpg\" \/>\n\t<meta property=\"og:image:width\" content=\"2560\" \/>\n\t<meta property=\"og:image:height\" content=\"1703\" \/>\n<meta name=\"twitter:card\" content=\"summary_large_image\" \/>\n<meta name=\"twitter:label1\" content=\"Predpokladan\u00fd \u010das \u010d\u00edtania\" \/>\n\t<meta name=\"twitter:data1\" content=\"1 min\u00fata\" \/>\n<script type=\"application\/ld+json\" class=\"yoast-schema-graph\">{\"@context\":\"https:\/\/schema.org\",\"@graph\":[{\"@type\":\"WebSite\",\"@id\":\"https:\/\/www.47rfm.sk\/#website\",\"url\":\"https:\/\/www.47rfm.sk\/\",\"name\":\"47rfm\",\"description\":\"...s mravcami je sranda! \",\"potentialAction\":[{\"@type\":\"SearchAction\",\"target\":{\"@type\":\"EntryPoint\",\"urlTemplate\":\"https:\/\/www.47rfm.sk\/?s={search_term_string}\"},\"query-input\":\"required name=search_term_string\"}],\"inLanguage\":\"sk-SK\"},{\"@type\":\"ImageObject\",\"@id\":\"https:\/\/www.47rfm.sk\/?page_id=23#primaryimage\",\"inLanguage\":\"sk-SK\",\"url\":\"https:\/\/www.47rfm.sk\/wp-content\/uploads\/2021\/09\/AAA_5244-scaled.jpg\",\"contentUrl\":\"https:\/\/www.47rfm.sk\/wp-content\/uploads\/2021\/09\/AAA_5244-scaled.jpg\",\"width\":2560,\"height\":1703},{\"@type\":\"WebPage\",\"@id\":\"https:\/\/www.47rfm.sk\/?page_id=23#webpage\",\"url\":\"https:\/\/www.47rfm.sk\/?page_id=23\",\"name\":\"Kontakt - 47rfm\",\"isPartOf\":{\"@id\":\"https:\/\/www.47rfm.sk\/#website\"},\"primaryImageOfPage\":{\"@id\":\"https:\/\/www.47rfm.sk\/?page_id=23#primaryimage\"},\"datePublished\":\"2021-09-14T12:26:39+00:00\",\"dateModified\":\"2025-10-09T22:00:06+00:00\",\"breadcrumb\":{\"@id\":\"https:\/\/www.47rfm.sk\/?page_id=23#breadcrumb\"},\"inLanguage\":\"sk-SK\",\"potentialAction\":[{\"@type\":\"ReadAction\",\"target\":[\"https:\/\/www.47rfm.sk\/?page_id=23\"]}]},{\"@type\":\"BreadcrumbList\",\"@id\":\"https:\/\/www.47rfm.sk\/?page_id=23#breadcrumb\",\"itemListElement\":[{\"@type\":\"ListItem\",\"position\":1,\"name\":\"Home\",\"item\":\"https:\/\/www.47rfm.sk\/\"},{\"@type\":\"ListItem\",\"position\":2,\"name\":\"Kontakt\"}]}]}<\/script>\n<!-- \/ Yoast SEO plugin. -->","yoast_head_json":{"title":"Kontakt - 47rfm","robots":{"index":"index","follow":"follow","max-snippet":"max-snippet:-1","max-image-preview":"max-image-preview:large","max-video-preview":"max-video-preview:-1"},"canonical":"https:\/\/www.47rfm.sk\/?page_id=23","og_locale":"sk_SK","og_type":"article","og_title":"Kontakt - 47rfm","og_description":"Tom\u00e1\u0161 Roch &#8211; zborov\u00e1 vodky\u0148a &#8211; 0944 714 320 Karin Singhoferov\u00e1 &#8211; z\u00e1stupky\u0148a zborov\u00e9ho vodcu &#8211; 0915 326 335 Kri\u0161tof Gregor \u2013 z\u00e1stupca zborov\u00e9ho vodcu \u2013 0918 306 487 Nina Horn\u00edkov\u00e1 \u2013 oddielov\u00e1 ved\u00faca diev\u010dat \u2013 0917 584 755 Michal &#8222;Ved\u00faci&#8220; Vadkerti &#8211; oddielov\u00fd ved\u00faci chlapcov &#8211; 0949 152 704 Matej &#8222;Korvin&#8220; Vi\u0161\u0148ovec &#8211; oddielov\u00fd &hellip; Pokra\u010dova\u0165 v \u010d\u00edtan\u00ed \"Kontakt\"","og_url":"https:\/\/www.47rfm.sk\/?page_id=23","og_site_name":"47rfm","article_modified_time":"2025-10-09T22:00:06+00:00","og_image":[{"width":2560,"height":1703,"url":"https:\/\/www.47rfm.sk\/wp-content\/uploads\/2021\/09\/AAA_5244-scaled.jpg","path":"\/data\/5\/6\/562e54ee-5bff-4c8c-8419-e7513cbe34de\/47rfm.sk\/web\/wp-content\/uploads\/2021\/09\/AAA_5244-scaled.jpg","size":"full","id":101,"alt":"","pixels":4359680,"type":"image\/jpeg"}],"twitter_card":"summary_large_image","twitter_misc":{"Predpokladan\u00fd \u010das \u010d\u00edtania":"1 min\u00fata"},"schema":{"@context":"https:\/\/schema.org","@graph":[{"@type":"WebSite","@id":"https:\/\/www.47rfm.sk\/#website","url":"https:\/\/www.47rfm.sk\/","name":"47rfm","description":"...s mravcami je sranda! ","potentialAction":[{"@type":"SearchAction","target":{"@type":"EntryPoint","urlTemplate":"https:\/\/www.47rfm.sk\/?s={search_term_string}"},"query-input":"required name=search_term_string"}],"inLanguage":"sk-SK"},{"@type":"ImageObject","@id":"https:\/\/www.47rfm.sk\/?page_id=23#primaryimage","inLanguage":"sk-SK","url":"https:\/\/www.47rfm.sk\/wp-content\/uploads\/2021\/09\/AAA_5244-scaled.jpg","contentUrl":"https:\/\/www.47rfm.sk\/wp-content\/uploads\/2021\/09\/AAA_5244-scaled.jpg","width":2560,"height":1703},{"@type":"WebPage","@id":"https:\/\/www.47rfm.sk\/?page_id=23#webpage","url":"https:\/\/www.47rfm.sk\/?page_id=23","name":"Kontakt - 47rfm","isPartOf":{"@id":"https:\/\/www.47rfm.sk\/#website"},"primaryImageOfPage":{"@id":"https:\/\/www.47rfm.sk\/?page_id=23#primaryimage"},"datePublished":"2021-09-14T12:26:39+00:00","dateModified":"2025-10-09T22:00:06+00:00","breadcrumb":{"@id":"https:\/\/www.47rfm.sk\/?page_id=23#breadcrumb"},"inLanguage":"sk-SK","potentialAction":[{"@type":"ReadAction","target":["https:\/\/www.47rfm.sk\/?page_id=23"]}]},{"@type":"BreadcrumbList","@id":"https:\/\/www.47rfm.sk\/?page_id=23#breadcrumb","itemListElement":[{"@type":"ListItem","position":1,"name":"Home","item":"https:\/\/www.47rfm.sk\/"},{"@type":"ListItem","position":2,"name":"Kontakt"}]}]}},"_links":{"self":[{"href":"https:\/\/www.47rfm.sk\/index.php?rest_route=\/wp\/v2\/pages\/23","targetHints":{"allow":["GET"]}}],"collection":[{"href":"https:\/\/www.47rfm.sk\/index.php?rest_route=\/wp\/v2\/pages"}],"about":[{"href":"https:\/\/www.47rfm.sk\/index.php?rest_route=\/wp\/v2\/types\/page"}],"author":[{"embeddable":true,"href":"https:\/\/www.47rfm.sk\/index.php?rest_route=\/wp\/v2\/users\/2"}],"replies":[{"embeddable":true,"href":"https:\/\/www.47rfm.sk\/index.php?rest_route=%2Fwp%2Fv2%2Fcomments&post=23"}],"version-history":[{"count":6,"href":"https:\/\/www.47rfm.sk\/index.php?rest_route=\/wp\/v2\/pages\/23\/revisions"}],"predecessor-version":[{"id":603,"href":"https:\/\/www.47rfm.sk\/index.php?rest_route=\/wp\/v2\/pages\/23\/revisions\/603"}],"wp:featuredmedia":[{"embeddable":true,"href":"https:\/\/www.47rfm.sk\/index.php?rest_route=\/wp\/v2\/media\/101"}],"wp:attachment":[{"href":"https:\/\/www.47rfm.sk\/index.php?rest_route=%2Fwp%2Fv2%2Fmedia&parent=23"}],"curies":[{"name":"wp","href":"https:\/\/api.w.org\/{rel}","templated":true}]}}