{"id":22,"date":"2021-09-14T14:26:39","date_gmt":"2021-09-14T12:26:39","guid":{"rendered":"https:\/\/www.47rfm.sk\/?page_id=22"},"modified":"2022-09-12T20:11:57","modified_gmt":"2022-09-12T18:11:57","slug":"o-stranke","status":"publish","type":"page","link":"https:\/\/www.47rfm.sk\/?page_id=22","title":{"rendered":"Kto sme"},"content":{"rendered":"\n<p>Ahojte! Sme 47. zbor skautov Bratislava-Petr\u017ealka Rota Ferda Mravca a radi sa pradstavujeme ako \u201cten najlep\u0161\u00ed zbor\u201d.<\/p>\n\n\n\n<p>Ako nieko\u013eko \u010fal\u0161\u00edch zborov na Slovensku n\u00e1s zalo\u017eil salezi\u00e1nsky k\u0148az Tibor Halu\u0161ka &#8211; brat Rikitan.<\/p>\n\n\n\n<p>P\u00f4sob\u00edme najm\u00e4 na Spojenej \u0161kole Sv\u00e4tej Rodiny, na ktor\u00fa sme bl\u00edzko naviazan\u00ed a ktorej v\u010fa\u010d\u00edme za dlhoro\u010dn\u00fa spolupr\u00e1cu a priestory. Z\u00e1rove\u0148 nadv\u00e4zujeme postupne spolupr\u00e1cu aj s mestskou \u010das\u0165ou Petr\u017ealka, ktorej tie\u017e v\u010fa\u010d\u00edme za doteraz prejaven\u00fa podporu.<\/p>\n\n\n\n<p>Moment\u00e1lne n\u00e1\u0161 zbor tvor\u00ed 108 \u010dlenov a dlh\u00e9 roky staviame najm\u00e4 na siln\u00fdch vz\u0165ahoch a rodinnej atmosf\u00e9re.<\/p>\n","protected":false},"excerpt":{"rendered":"<p>Ahojte! Sme 47. zbor skautov Bratislava-Petr\u017ealka Rota Ferda Mravca a radi sa pradstavujeme ako \u201cten najlep\u0161\u00ed zbor\u201d. Ako nieko\u013eko \u010fal\u0161\u00edch zborov na Slovensku n\u00e1s zalo\u017eil salezi\u00e1nsky k\u0148az Tibor Halu\u0161ka &#8211; brat Rikitan. P\u00f4sob\u00edme najm\u00e4 na Spojenej \u0161kole Sv\u00e4tej Rodiny, na ktor\u00fa sme bl\u00edzko naviazan\u00ed a ktorej v\u010fa\u010d\u00edme za dlhoro\u010dn\u00fa spolupr\u00e1cu a priestory. Z\u00e1rove\u0148 nadv\u00e4zujeme postupne &hellip; <\/p>\n<p class=\"link-more\"><a href=\"https:\/\/www.47rfm.sk\/?page_id=22\" class=\"more-link\">Pokra\u010dova\u0165 v \u010d\u00edtan\u00ed<span class=\"screen-reader-text\"> &#8222;Kto sme&#8220;<\/span><\/a><\/p>\n","protected":false},"author":2,"featured_media":115,"parent":0,"menu_order":0,"comment_status":"closed","ping_status":"closed","template":"","meta":{"_monsterinsights_skip_tracking":false,"_monsterinsights_sitenote_active":false,"_monsterinsights_sitenote_note":"","_monsterinsights_sitenote_category":0,"footnotes":""},"class_list":["post-22","page","type-page","status-publish","has-post-thumbnail","hentry"],"yoast_head":"<!-- This site is optimized with the Yoast SEO plugin v17.1 - https:\/\/yoast.com\/wordpress\/plugins\/seo\/ -->\n<title>Kto sme - 47rfm<\/title>\n<meta name=\"robots\" content=\"index, follow, max-snippet:-1, max-image-preview:large, max-video-preview:-1\" \/>\n<link rel=\"canonical\" href=\"https:\/\/www.47rfm.sk\/?page_id=22\" \/>\n<meta property=\"og:locale\" content=\"sk_SK\" \/>\n<meta property=\"og:type\" content=\"article\" \/>\n<meta property=\"og:title\" content=\"Kto sme - 47rfm\" \/>\n<meta property=\"og:description\" content=\"Ahojte! Sme 47. zbor skautov Bratislava-Petr\u017ealka Rota Ferda Mravca a radi sa pradstavujeme ako \u201cten najlep\u0161\u00ed zbor\u201d. Ako nieko\u013eko \u010fal\u0161\u00edch zborov na Slovensku n\u00e1s zalo\u017eil salezi\u00e1nsky k\u0148az Tibor Halu\u0161ka &#8211; brat Rikitan. P\u00f4sob\u00edme najm\u00e4 na Spojenej \u0161kole Sv\u00e4tej Rodiny, na ktor\u00fa sme bl\u00edzko naviazan\u00ed a ktorej v\u010fa\u010d\u00edme za dlhoro\u010dn\u00fa spolupr\u00e1cu a priestory. Z\u00e1rove\u0148 nadv\u00e4zujeme postupne &hellip; Pokra\u010dova\u0165 v \u010d\u00edtan\u00ed &quot;Kto sme&quot;\" \/>\n<meta property=\"og:url\" content=\"https:\/\/www.47rfm.sk\/?page_id=22\" \/>\n<meta property=\"og:site_name\" content=\"47rfm\" \/>\n<meta property=\"article:modified_time\" content=\"2022-09-12T18:11:57+00:00\" \/>\n<meta property=\"og:image\" content=\"https:\/\/www.47rfm.sk\/wp-content\/uploads\/2021\/09\/cropped-image-1.jpeg\" \/>\n\t<meta property=\"og:image:width\" content=\"2000\" \/>\n\t<meta property=\"og:image:height\" content=\"1248\" \/>\n<meta name=\"twitter:card\" content=\"summary_large_image\" \/>\n<meta name=\"twitter:label1\" content=\"Predpokladan\u00fd \u010das \u010d\u00edtania\" \/>\n\t<meta name=\"twitter:data1\" content=\"1 min\u00fata\" \/>\n<script type=\"application\/ld+json\" class=\"yoast-schema-graph\">{\"@context\":\"https:\/\/schema.org\",\"@graph\":[{\"@type\":\"WebSite\",\"@id\":\"https:\/\/www.47rfm.sk\/#website\",\"url\":\"https:\/\/www.47rfm.sk\/\",\"name\":\"47rfm\",\"description\":\"...s mravcami je sranda! \",\"potentialAction\":[{\"@type\":\"SearchAction\",\"target\":{\"@type\":\"EntryPoint\",\"urlTemplate\":\"https:\/\/www.47rfm.sk\/?s={search_term_string}\"},\"query-input\":\"required name=search_term_string\"}],\"inLanguage\":\"sk-SK\"},{\"@type\":\"ImageObject\",\"@id\":\"https:\/\/www.47rfm.sk\/?page_id=22#primaryimage\",\"inLanguage\":\"sk-SK\",\"url\":\"https:\/\/www.47rfm.sk\/wp-content\/uploads\/2021\/09\/cropped-image-1.jpeg\",\"contentUrl\":\"https:\/\/www.47rfm.sk\/wp-content\/uploads\/2021\/09\/cropped-image-1.jpeg\",\"width\":2000,\"height\":1248},{\"@type\":\"WebPage\",\"@id\":\"https:\/\/www.47rfm.sk\/?page_id=22#webpage\",\"url\":\"https:\/\/www.47rfm.sk\/?page_id=22\",\"name\":\"Kto sme - 47rfm\",\"isPartOf\":{\"@id\":\"https:\/\/www.47rfm.sk\/#website\"},\"primaryImageOfPage\":{\"@id\":\"https:\/\/www.47rfm.sk\/?page_id=22#primaryimage\"},\"datePublished\":\"2021-09-14T12:26:39+00:00\",\"dateModified\":\"2022-09-12T18:11:57+00:00\",\"breadcrumb\":{\"@id\":\"https:\/\/www.47rfm.sk\/?page_id=22#breadcrumb\"},\"inLanguage\":\"sk-SK\",\"potentialAction\":[{\"@type\":\"ReadAction\",\"target\":[\"https:\/\/www.47rfm.sk\/?page_id=22\"]}]},{\"@type\":\"BreadcrumbList\",\"@id\":\"https:\/\/www.47rfm.sk\/?page_id=22#breadcrumb\",\"itemListElement\":[{\"@type\":\"ListItem\",\"position\":1,\"name\":\"Home\",\"item\":\"https:\/\/www.47rfm.sk\/\"},{\"@type\":\"ListItem\",\"position\":2,\"name\":\"Kto sme\"}]}]}<\/script>\n<!-- \/ Yoast SEO plugin. -->","yoast_head_json":{"title":"Kto sme - 47rfm","robots":{"index":"index","follow":"follow","max-snippet":"max-snippet:-1","max-image-preview":"max-image-preview:large","max-video-preview":"max-video-preview:-1"},"canonical":"https:\/\/www.47rfm.sk\/?page_id=22","og_locale":"sk_SK","og_type":"article","og_title":"Kto sme - 47rfm","og_description":"Ahojte! Sme 47. zbor skautov Bratislava-Petr\u017ealka Rota Ferda Mravca a radi sa pradstavujeme ako \u201cten najlep\u0161\u00ed zbor\u201d. Ako nieko\u013eko \u010fal\u0161\u00edch zborov na Slovensku n\u00e1s zalo\u017eil salezi\u00e1nsky k\u0148az Tibor Halu\u0161ka &#8211; brat Rikitan. P\u00f4sob\u00edme najm\u00e4 na Spojenej \u0161kole Sv\u00e4tej Rodiny, na ktor\u00fa sme bl\u00edzko naviazan\u00ed a ktorej v\u010fa\u010d\u00edme za dlhoro\u010dn\u00fa spolupr\u00e1cu a priestory. Z\u00e1rove\u0148 nadv\u00e4zujeme postupne &hellip; Pokra\u010dova\u0165 v \u010d\u00edtan\u00ed \"Kto sme\"","og_url":"https:\/\/www.47rfm.sk\/?page_id=22","og_site_name":"47rfm","article_modified_time":"2022-09-12T18:11:57+00:00","og_image":[{"width":2000,"height":1248,"url":"https:\/\/www.47rfm.sk\/wp-content\/uploads\/2021\/09\/cropped-image-1.jpeg","path":"\/data\/5\/6\/562e54ee-5bff-4c8c-8419-e7513cbe34de\/47rfm.sk\/web\/wp-content\/uploads\/2021\/09\/cropped-image-1.jpeg","size":"full","id":115,"alt":"","pixels":2496000,"type":"image\/jpeg"}],"twitter_card":"summary_large_image","twitter_misc":{"Predpokladan\u00fd \u010das \u010d\u00edtania":"1 min\u00fata"},"schema":{"@context":"https:\/\/schema.org","@graph":[{"@type":"WebSite","@id":"https:\/\/www.47rfm.sk\/#website","url":"https:\/\/www.47rfm.sk\/","name":"47rfm","description":"...s mravcami je sranda! ","potentialAction":[{"@type":"SearchAction","target":{"@type":"EntryPoint","urlTemplate":"https:\/\/www.47rfm.sk\/?s={search_term_string}"},"query-input":"required name=search_term_string"}],"inLanguage":"sk-SK"},{"@type":"ImageObject","@id":"https:\/\/www.47rfm.sk\/?page_id=22#primaryimage","inLanguage":"sk-SK","url":"https:\/\/www.47rfm.sk\/wp-content\/uploads\/2021\/09\/cropped-image-1.jpeg","contentUrl":"https:\/\/www.47rfm.sk\/wp-content\/uploads\/2021\/09\/cropped-image-1.jpeg","width":2000,"height":1248},{"@type":"WebPage","@id":"https:\/\/www.47rfm.sk\/?page_id=22#webpage","url":"https:\/\/www.47rfm.sk\/?page_id=22","name":"Kto sme - 47rfm","isPartOf":{"@id":"https:\/\/www.47rfm.sk\/#website"},"primaryImageOfPage":{"@id":"https:\/\/www.47rfm.sk\/?page_id=22#primaryimage"},"datePublished":"2021-09-14T12:26:39+00:00","dateModified":"2022-09-12T18:11:57+00:00","breadcrumb":{"@id":"https:\/\/www.47rfm.sk\/?page_id=22#breadcrumb"},"inLanguage":"sk-SK","potentialAction":[{"@type":"ReadAction","target":["https:\/\/www.47rfm.sk\/?page_id=22"]}]},{"@type":"BreadcrumbList","@id":"https:\/\/www.47rfm.sk\/?page_id=22#breadcrumb","itemListElement":[{"@type":"ListItem","position":1,"name":"Home","item":"https:\/\/www.47rfm.sk\/"},{"@type":"ListItem","position":2,"name":"Kto sme"}]}]}},"_links":{"self":[{"href":"https:\/\/www.47rfm.sk\/index.php?rest_route=\/wp\/v2\/pages\/22","targetHints":{"allow":["GET"]}}],"collection":[{"href":"https:\/\/www.47rfm.sk\/index.php?rest_route=\/wp\/v2\/pages"}],"about":[{"href":"https:\/\/www.47rfm.sk\/index.php?rest_route=\/wp\/v2\/types\/page"}],"author":[{"embeddable":true,"href":"https:\/\/www.47rfm.sk\/index.php?rest_route=\/wp\/v2\/users\/2"}],"replies":[{"embeddable":true,"href":"https:\/\/www.47rfm.sk\/index.php?rest_route=%2Fwp%2Fv2%2Fcomments&post=22"}],"version-history":[{"count":5,"href":"https:\/\/www.47rfm.sk\/index.php?rest_route=\/wp\/v2\/pages\/22\/revisions"}],"predecessor-version":[{"id":120,"href":"https:\/\/www.47rfm.sk\/index.php?rest_route=\/wp\/v2\/pages\/22\/revisions\/120"}],"wp:featuredmedia":[{"embeddable":true,"href":"https:\/\/www.47rfm.sk\/index.php?rest_route=\/wp\/v2\/media\/115"}],"wp:attachment":[{"href":"https:\/\/www.47rfm.sk\/index.php?rest_route=%2Fwp%2Fv2%2Fmedia&parent=22"}],"curies":[{"name":"wp","href":"https:\/\/api.w.org\/{rel}","templated":true}]}}