{"id":2,"date":"2025-10-15T16:49:59","date_gmt":"2025-10-15T14:49:59","guid":{"rendered":"https:\/\/www.47rfm.sk\/?page_id=2"},"modified":"2025-10-26T15:21:22","modified_gmt":"2025-10-26T14:21:22","slug":"druzinovky","status":"publish","type":"page","link":"https:\/\/www.47rfm.sk\/?page_id=2","title":{"rendered":"Dru\u017einovky &#8211; \u0161k. rok 25\/26"},"content":{"rendered":"\n<p><style>\ntd {   border: 1px dotted grey; text-align: center; } th { text-align: left; width: fit-content; -moz-user-select: none; user-select: none; -webkit-user-select: none; } .tooltip { position: relative; display: inline-block;} .tooltip .tooltiptext { visibility: hidden; width: 240px;  background-color: red; color: white; text-align: center; border-radius: 6px; padding: 0; position: absolute; z-index: 1; text-decoration: none;} .tooltip .tooltipgreytext { visibility: hidden; width: 240px;  background-color: grey; color: black; text-align: center; border-radius: 6px; padding: 0; position: absolute; z-index: 1; text-decoration: none;} .tooltiptext a {text-decoration: none; color: white;} .tooltip:hover .tooltiptext { visibility: visible;} .tooltip:hover .tooltipgreytext { visibility: visible;} .tooltip:hover {color: red; cursor:pointer} .tooltipgrey:hover {color: grey; cursor:pointer} .trans{transition: color 0.5s;} <\/style><\/p>\n\n\n\n<figure class=\"wp-block-table\"><table><tbody><tr><th class=\"has-text-align-left\" data-align=\"left\">VOTRELCI \u2190<strong>Pln\u00e1 kapacita<\/strong><\/th><td class=\"has-text-align-center\" data-align=\"center\">chlapci 13-15r.<\/td><td><strong>Piatok <\/strong><br><strong>16<sup>30<\/sup>&#8211; 18<sup>00<\/sup><\/strong><\/td><td class=\"has-text-align-center\" data-align=\"center\">Tom\u00e1\u0161 0944 714 320<\/td><\/tr><tr><th class=\"has-text-align-left\" data-align=\"left\">PRED\u00c1TORI \u2190<strong>Pln\u00e1 kapacita<\/strong><\/th><td class=\"has-text-align-center\" data-align=\"center\">chlapci 9-11r.<\/td><td>S<strong>treda <\/strong><br><strong>16<sup>00<\/sup>&#8211; 18<sup>00<\/sup><\/strong><\/td><td class=\"has-text-align-center\" data-align=\"center\">Bystr\u00edk 0950 862 883<\/td><\/tr><tr><th class=\"has-text-align-left\" data-align=\"left\">ORLY \u2190<strong>Pln\u00e1 kapacita<\/strong><\/th><td class=\"has-text-align-center\" data-align=\"center\">chlapci 7-8r.<\/td><td><strong>Streda<\/strong><br><strong>15<sup>15<\/sup>&#8211; 16<sup>45<\/sup><\/strong><\/td><td class=\"has-text-align-center\" data-align=\"center\">Edo 0908 931 320<\/td><\/tr><tr><td class=\"has-text-align-left\" data-align=\"left\">SOKOLI <strong>\u2190Vo\u013en\u00e9 miesta<\/strong><\/td><td class=\"has-text-align-center\" data-align=\"center\">chlapci 7r.<\/td><td><strong>\u0160tvrtok<\/strong><br><strong>15<sup>00<\/sup>&#8211; 16<sup>30<\/sup><\/strong><\/td><td class=\"has-text-align-center\" data-align=\"center\">Samuel 0944 090 421<\/td><\/tr><tr><th class=\"has-text-align-left\" data-align=\"left\">SOPKY \u2190<strong>Pln\u00e1 kapacita<\/strong><\/th><td class=\"has-text-align-center\" data-align=\"center\">diev\u010dat\u00e1 8-11r.<\/td><td>P<strong>ondelok<\/strong><br><strong>15<sup>00<\/sup>&#8211; 18<sup>00<\/sup><\/strong><\/td><td class=\"has-text-align-center\" data-align=\"center\">Hanka 0902 430 575<\/td><\/tr><tr><th class=\"has-text-align-left\" data-align=\"left\">\u013dALIE \u2190<strong>Pln\u00e1 kapacita<\/strong><\/th><td class=\"has-text-align-center\" data-align=\"center\">diev\u010dat\u00e1 12-13r.<\/td><td><strong>Utorok<\/strong><br><strong>17<sup>45<\/sup>&#8211; 19<sup>15<\/sup><\/strong><\/td><td class=\"has-text-align-center\" data-align=\"center\">Nina 0917 584 755<\/td><\/tr><tr><th class=\"has-text-align-left\" data-align=\"left\">VL\u010cICE \u2190<strong>Pln\u00e1 kapacita<\/strong><\/th><td class=\"has-text-align-center\" data-align=\"center\">diev\u010dat\u00e1 14-16r.<\/td><td><strong>info u radcu<br><\/strong><\/td><td class=\"has-text-align-center\" data-align=\"center\">Katka 0917 193 357<\/td><\/tr><tr><td class=\"has-text-align-left\" data-align=\"left\"><strong>PANDY \u2190Vo\u013en\u00e9 miesta<\/strong><\/td><td class=\"has-text-align-center\" data-align=\"center\">diev\u010dat\u00e1 8 &#8211; 9r.<\/td><td><strong>\u0160tvrtok<\/strong><br> <strong>15<sup>45<\/sup>&#8211; 17<sup>15<\/sup><\/strong><\/td><td class=\"has-text-align-center\" data-align=\"center\">Henrieta 0948 178 547<\/td><\/tr><tr><td class=\"has-text-align-left\" data-align=\"left\"><strong>SALAMANDRY<strong> \u2190Vo\u013en\u00e9 miesta<\/strong><\/strong><\/td><td class=\"has-text-align-center\" data-align=\"center\">diev\u010dat\u00e1 7r.<\/td><td><strong>\u0160tvrtok<\/strong><br><strong>14<sup>15<\/sup>&#8211; 15<sup>45<\/sup><\/strong><\/td><td class=\"has-text-align-center\" data-align=\"center\">Terezka 0951 855 197<\/td><\/tr><\/tbody><\/table><figcaption class=\"wp-element-caption\">Naposledy aktualizovan\u00e9 19.10.2025 16:19<\/figcaption><\/figure>\n\n\n\n<p><\/p>\n","protected":false},"excerpt":{"rendered":"<p>VOTRELCI \u2190Pln\u00e1 kapacita chlapci 13-15r. Piatok 1630&#8211; 1800 Tom\u00e1\u0161 0944 714 320 PRED\u00c1TORI \u2190Pln\u00e1 kapacita chlapci 9-11r. Streda 1600&#8211; 1800 Bystr\u00edk 0950 862 883 ORLY \u2190Pln\u00e1 kapacita chlapci 7-8r. Streda1515&#8211; 1645 Edo 0908 931 320 SOKOLI \u2190Vo\u013en\u00e9 miesta chlapci 7r. \u0160tvrtok1500&#8211; 1630 Samuel 0944 090 421 SOPKY \u2190Pln\u00e1 kapacita diev\u010dat\u00e1 8-11r. Pondelok1500&#8211; 1800 Hanka 0902 &hellip; <\/p>\n<p class=\"link-more\"><a href=\"https:\/\/www.47rfm.sk\/?page_id=2\" class=\"more-link\">Pokra\u010dova\u0165 v \u010d\u00edtan\u00ed<span class=\"screen-reader-text\"> &#8222;Dru\u017einovky &#8211; \u0161k. rok 25\/26&#8220;<\/span><\/a><\/p>\n","protected":false},"author":2,"featured_media":100,"parent":0,"menu_order":0,"comment_status":"closed","ping_status":"closed","template":"","meta":{"_monsterinsights_skip_tracking":false,"_monsterinsights_sitenote_active":false,"_monsterinsights_sitenote_note":"","_monsterinsights_sitenote_category":0,"footnotes":""},"class_list":["post-2","page","type-page","status-publish","has-post-thumbnail","hentry"],"yoast_head":"<!-- This site is optimized with the Yoast SEO plugin v17.1 - https:\/\/yoast.com\/wordpress\/plugins\/seo\/ -->\n<title>Dru\u017einovky - \u0161k. rok 25\/26 - 47rfm<\/title>\n<meta name=\"robots\" content=\"index, follow, max-snippet:-1, max-image-preview:large, max-video-preview:-1\" \/>\n<link rel=\"canonical\" href=\"https:\/\/www.47rfm.sk\/?page_id=2\" \/>\n<meta property=\"og:locale\" content=\"sk_SK\" \/>\n<meta property=\"og:type\" content=\"article\" \/>\n<meta property=\"og:title\" content=\"Dru\u017einovky - \u0161k. rok 25\/26 - 47rfm\" \/>\n<meta property=\"og:description\" content=\"VOTRELCI \u2190Pln\u00e1 kapacita chlapci 13-15r. Piatok 1630&#8211; 1800 Tom\u00e1\u0161 0944 714 320 PRED\u00c1TORI \u2190Pln\u00e1 kapacita chlapci 9-11r. Streda 1600&#8211; 1800 Bystr\u00edk 0950 862 883 ORLY \u2190Pln\u00e1 kapacita chlapci 7-8r. Streda1515&#8211; 1645 Edo 0908 931 320 SOKOLI \u2190Vo\u013en\u00e9 miesta chlapci 7r. \u0160tvrtok1500&#8211; 1630 Samuel 0944 090 421 SOPKY \u2190Pln\u00e1 kapacita diev\u010dat\u00e1 8-11r. Pondelok1500&#8211; 1800 Hanka 0902 &hellip; Pokra\u010dova\u0165 v \u010d\u00edtan\u00ed &quot;Dru\u017einovky &#8211; \u0161k. rok 25\/26&quot;\" \/>\n<meta property=\"og:url\" content=\"https:\/\/www.47rfm.sk\/?page_id=2\" \/>\n<meta property=\"og:site_name\" content=\"47rfm\" \/>\n<meta property=\"article:modified_time\" content=\"2025-10-26T14:21:22+00:00\" \/>\n<meta property=\"og:image\" content=\"https:\/\/www.47rfm.sk\/wp-content\/uploads\/2021\/09\/AAA_5281-scaled.jpg\" \/>\n\t<meta property=\"og:image:width\" content=\"2560\" \/>\n\t<meta property=\"og:image:height\" content=\"1703\" \/>\n<meta name=\"twitter:card\" content=\"summary_large_image\" \/>\n<meta name=\"twitter:label1\" content=\"Predpokladan\u00fd \u010das \u010d\u00edtania\" \/>\n\t<meta name=\"twitter:data1\" content=\"1 min\u00fata\" \/>\n<script type=\"application\/ld+json\" class=\"yoast-schema-graph\">{\"@context\":\"https:\/\/schema.org\",\"@graph\":[{\"@type\":\"WebSite\",\"@id\":\"https:\/\/www.47rfm.sk\/#website\",\"url\":\"https:\/\/www.47rfm.sk\/\",\"name\":\"47rfm\",\"description\":\"...s mravcami je sranda! \",\"potentialAction\":[{\"@type\":\"SearchAction\",\"target\":{\"@type\":\"EntryPoint\",\"urlTemplate\":\"https:\/\/www.47rfm.sk\/?s={search_term_string}\"},\"query-input\":\"required name=search_term_string\"}],\"inLanguage\":\"sk-SK\"},{\"@type\":\"ImageObject\",\"@id\":\"https:\/\/www.47rfm.sk\/?page_id=2#primaryimage\",\"inLanguage\":\"sk-SK\",\"url\":\"https:\/\/www.47rfm.sk\/wp-content\/uploads\/2021\/09\/AAA_5281-scaled.jpg\",\"contentUrl\":\"https:\/\/www.47rfm.sk\/wp-content\/uploads\/2021\/09\/AAA_5281-scaled.jpg\",\"width\":2560,\"height\":1703},{\"@type\":\"WebPage\",\"@id\":\"https:\/\/www.47rfm.sk\/?page_id=2#webpage\",\"url\":\"https:\/\/www.47rfm.sk\/?page_id=2\",\"name\":\"Dru\\u017einovky - \\u0161k. rok 25\/26 - 47rfm\",\"isPartOf\":{\"@id\":\"https:\/\/www.47rfm.sk\/#website\"},\"primaryImageOfPage\":{\"@id\":\"https:\/\/www.47rfm.sk\/?page_id=2#primaryimage\"},\"datePublished\":\"2025-10-15T14:49:59+00:00\",\"dateModified\":\"2025-10-26T14:21:22+00:00\",\"breadcrumb\":{\"@id\":\"https:\/\/www.47rfm.sk\/?page_id=2#breadcrumb\"},\"inLanguage\":\"sk-SK\",\"potentialAction\":[{\"@type\":\"ReadAction\",\"target\":[\"https:\/\/www.47rfm.sk\/?page_id=2\"]}]},{\"@type\":\"BreadcrumbList\",\"@id\":\"https:\/\/www.47rfm.sk\/?page_id=2#breadcrumb\",\"itemListElement\":[{\"@type\":\"ListItem\",\"position\":1,\"name\":\"Home\",\"item\":\"https:\/\/www.47rfm.sk\/\"},{\"@type\":\"ListItem\",\"position\":2,\"name\":\"Dru\\u017einovky &#8211; \\u0161k. rok 25\/26\"}]}]}<\/script>\n<!-- \/ Yoast SEO plugin. -->","yoast_head_json":{"title":"Dru\u017einovky - \u0161k. rok 25\/26 - 47rfm","robots":{"index":"index","follow":"follow","max-snippet":"max-snippet:-1","max-image-preview":"max-image-preview:large","max-video-preview":"max-video-preview:-1"},"canonical":"https:\/\/www.47rfm.sk\/?page_id=2","og_locale":"sk_SK","og_type":"article","og_title":"Dru\u017einovky - \u0161k. rok 25\/26 - 47rfm","og_description":"VOTRELCI \u2190Pln\u00e1 kapacita chlapci 13-15r. Piatok 1630&#8211; 1800 Tom\u00e1\u0161 0944 714 320 PRED\u00c1TORI \u2190Pln\u00e1 kapacita chlapci 9-11r. Streda 1600&#8211; 1800 Bystr\u00edk 0950 862 883 ORLY \u2190Pln\u00e1 kapacita chlapci 7-8r. Streda1515&#8211; 1645 Edo 0908 931 320 SOKOLI \u2190Vo\u013en\u00e9 miesta chlapci 7r. \u0160tvrtok1500&#8211; 1630 Samuel 0944 090 421 SOPKY \u2190Pln\u00e1 kapacita diev\u010dat\u00e1 8-11r. Pondelok1500&#8211; 1800 Hanka 0902 &hellip; Pokra\u010dova\u0165 v \u010d\u00edtan\u00ed \"Dru\u017einovky &#8211; \u0161k. rok 25\/26\"","og_url":"https:\/\/www.47rfm.sk\/?page_id=2","og_site_name":"47rfm","article_modified_time":"2025-10-26T14:21:22+00:00","og_image":[{"width":2560,"height":1703,"url":"https:\/\/www.47rfm.sk\/wp-content\/uploads\/2021\/09\/AAA_5281-scaled.jpg","path":"\/data\/5\/6\/562e54ee-5bff-4c8c-8419-e7513cbe34de\/47rfm.sk\/web\/wp-content\/uploads\/2021\/09\/AAA_5281-scaled.jpg","size":"full","id":100,"alt":"","pixels":4359680,"type":"image\/jpeg"}],"twitter_card":"summary_large_image","twitter_misc":{"Predpokladan\u00fd \u010das \u010d\u00edtania":"1 min\u00fata"},"schema":{"@context":"https:\/\/schema.org","@graph":[{"@type":"WebSite","@id":"https:\/\/www.47rfm.sk\/#website","url":"https:\/\/www.47rfm.sk\/","name":"47rfm","description":"...s mravcami je sranda! ","potentialAction":[{"@type":"SearchAction","target":{"@type":"EntryPoint","urlTemplate":"https:\/\/www.47rfm.sk\/?s={search_term_string}"},"query-input":"required name=search_term_string"}],"inLanguage":"sk-SK"},{"@type":"ImageObject","@id":"https:\/\/www.47rfm.sk\/?page_id=2#primaryimage","inLanguage":"sk-SK","url":"https:\/\/www.47rfm.sk\/wp-content\/uploads\/2021\/09\/AAA_5281-scaled.jpg","contentUrl":"https:\/\/www.47rfm.sk\/wp-content\/uploads\/2021\/09\/AAA_5281-scaled.jpg","width":2560,"height":1703},{"@type":"WebPage","@id":"https:\/\/www.47rfm.sk\/?page_id=2#webpage","url":"https:\/\/www.47rfm.sk\/?page_id=2","name":"Dru\u017einovky - \u0161k. rok 25\/26 - 47rfm","isPartOf":{"@id":"https:\/\/www.47rfm.sk\/#website"},"primaryImageOfPage":{"@id":"https:\/\/www.47rfm.sk\/?page_id=2#primaryimage"},"datePublished":"2025-10-15T14:49:59+00:00","dateModified":"2025-10-26T14:21:22+00:00","breadcrumb":{"@id":"https:\/\/www.47rfm.sk\/?page_id=2#breadcrumb"},"inLanguage":"sk-SK","potentialAction":[{"@type":"ReadAction","target":["https:\/\/www.47rfm.sk\/?page_id=2"]}]},{"@type":"BreadcrumbList","@id":"https:\/\/www.47rfm.sk\/?page_id=2#breadcrumb","itemListElement":[{"@type":"ListItem","position":1,"name":"Home","item":"https:\/\/www.47rfm.sk\/"},{"@type":"ListItem","position":2,"name":"Dru\u017einovky &#8211; \u0161k. rok 25\/26"}]}]}},"_links":{"self":[{"href":"https:\/\/www.47rfm.sk\/index.php?rest_route=\/wp\/v2\/pages\/2","targetHints":{"allow":["GET"]}}],"collection":[{"href":"https:\/\/www.47rfm.sk\/index.php?rest_route=\/wp\/v2\/pages"}],"about":[{"href":"https:\/\/www.47rfm.sk\/index.php?rest_route=\/wp\/v2\/types\/page"}],"author":[{"embeddable":true,"href":"https:\/\/www.47rfm.sk\/index.php?rest_route=\/wp\/v2\/users\/2"}],"replies":[{"embeddable":true,"href":"https:\/\/www.47rfm.sk\/index.php?rest_route=%2Fwp%2Fv2%2Fcomments&post=2"}],"version-history":[{"count":6,"href":"https:\/\/www.47rfm.sk\/index.php?rest_route=\/wp\/v2\/pages\/2\/revisions"}],"predecessor-version":[{"id":618,"href":"https:\/\/www.47rfm.sk\/index.php?rest_route=\/wp\/v2\/pages\/2\/revisions\/618"}],"wp:featuredmedia":[{"embeddable":true,"href":"https:\/\/www.47rfm.sk\/index.php?rest_route=\/wp\/v2\/media\/100"}],"wp:attachment":[{"href":"https:\/\/www.47rfm.sk\/index.php?rest_route=%2Fwp%2Fv2%2Fmedia&parent=2"}],"curies":[{"name":"wp","href":"https:\/\/api.w.org\/{rel}","templated":true}]}}